{"id":459,"date":"2021-07-16T14:37:43","date_gmt":"2021-07-16T17:37:43","guid":{"rendered":"https:\/\/cleverview.com.br\/central-ajuda\/?page_id=459"},"modified":"2022-02-17T14:21:45","modified_gmt":"2022-02-17T17:21:45","slug":"visualizacao-dos-resultados","status":"publish","type":"page","link":"https:\/\/cleverview.com.br\/central-ajuda\/config-inicial-do-sistema\/visualizacao-dos-resultados\/","title":{"rendered":"Visualiza\u00e7\u00e3o dos Resultados"},"content":{"rendered":"\t\t<div data-elementor-type=\"wp-page\" data-elementor-id=\"459\" class=\"elementor elementor-459\" data-elementor-post-type=\"page\">\n\t\t\t\t\t\t<section class=\"elementor-section elementor-top-section elementor-element elementor-element-f2107ca elementor-section-boxed elementor-section-height-default elementor-section-height-default\" data-id=\"f2107ca\" data-element_type=\"section\">\n\t\t\t\t\t\t<div class=\"elementor-container elementor-column-gap-default\">\n\t\t\t\t\t<div class=\"elementor-column elementor-col-50 elementor-top-column elementor-element elementor-element-f816792\" data-id=\"f816792\" data-element_type=\"column\">\n\t\t\t<div class=\"elementor-widget-wrap elementor-element-populated\">\n\t\t\t\t\t\t<section class=\"elementor-section elementor-inner-section elementor-element elementor-element-4ada788 elementor-section-boxed elementor-section-height-default elementor-section-height-default\" data-id=\"4ada788\" data-element_type=\"section\">\n\t\t\t\t\t\t<div class=\"elementor-container elementor-column-gap-default\">\n\t\t\t\t\t<div class=\"elementor-column elementor-col-100 elementor-inner-column elementor-element elementor-element-035f6f6\" data-id=\"035f6f6\" data-element_type=\"column\">\n\t\t\t<div class=\"elementor-widget-wrap elementor-element-populated\">\n\t\t\t\t\t\t<div class=\"elementor-element elementor-element-f339197 elementor-widget elementor-widget-heading\" data-id=\"f339197\" data-element_type=\"widget\" data-widget_type=\"heading.default\">\n\t\t\t\t<div class=\"elementor-widget-container\">\n\t\t\t\t\t<h2 class=\"elementor-heading-title elementor-size-default\">Categorias<\/h2>\t\t\t\t<\/div>\n\t\t\t\t<\/div>\n\t\t\t\t<div class=\"elementor-element elementor-element-bb3ef64 jet-nav-align-flex-start elementor-widget elementor-widget-jet-nav-menu\" data-id=\"bb3ef64\" data-element_type=\"widget\" data-widget_type=\"jet-nav-menu.default\">\n\t\t\t\t<div class=\"elementor-widget-container\">\n\t\t\t\t\t<nav class=\"jet-nav-wrap m-layout-mobile\"><div class=\"menu-cat-passo-a-passo-sistema-container\"><div class=\"jet-nav m-layout-mobile jet-nav--horizontal\"><div class=\"menu-item menu-item-type-custom menu-item-object-custom jet-nav__item-1878 jet-nav__item\"><a href=\"\/central-ajuda\/config-inicial-do-sistema\/configuracoes-administrativa\/\" class=\"menu-item-link menu-item-link-depth-0 menu-item-link-top\"><span class=\"jet-nav-link-text\">Configura\u00e7\u00f5es administrativas<\/span><\/a><\/div>\n<div class=\"menu-item menu-item-type-custom menu-item-object-custom jet-nav__item-1879 jet-nav__item\"><a href=\"\/central-ajuda\/config-inicial-do-sistema\/configuracoes-da-empresa\/\" class=\"menu-item-link menu-item-link-depth-0 menu-item-link-top\"><span class=\"jet-nav-link-text\">Configura\u00e7\u00f5es da empresa<\/span><\/a><\/div>\n<div class=\"menu-item menu-item-type-custom menu-item-object-custom jet-nav__item-1880 jet-nav__item\"><a href=\"\/central-ajuda\/config-inicial-do-sistema\/visualizacao-dos-resultados\/\" class=\"menu-item-link menu-item-link-depth-0 menu-item-link-top\"><span class=\"jet-nav-link-text\">Visualiza\u00e7\u00e3o dos Resultados<\/span><\/a><\/div>\n<div class=\"menu-item menu-item-type-custom menu-item-object-custom jet-nav__item-1881 jet-nav__item\"><a href=\"\/central-ajuda\/config-inicial-do-sistema\/configuracoes-adicionais\/\" class=\"menu-item-link menu-item-link-depth-0 menu-item-link-top\"><span class=\"jet-nav-link-text\">Configura\u00e7\u00f5es adicionais<\/span><\/a><\/div>\n<\/div><\/div><\/nav>\t\t\t\t<\/div>\n\t\t\t\t<\/div>\n\t\t\t\t\t<\/div>\n\t\t<\/div>\n\t\t\t\t\t<\/div>\n\t\t<\/section>\n\t\t\t\t\t<\/div>\n\t\t<\/div>\n\t\t\t\t<div class=\"elementor-column elementor-col-50 elementor-top-column elementor-element elementor-element-c79a013\" data-id=\"c79a013\" data-element_type=\"column\">\n\t\t\t<div class=\"elementor-widget-wrap elementor-element-populated\">\n\t\t\t\t\t\t<div class=\"elementor-element elementor-element-dea5256 elementor-widget elementor-widget-heading\" data-id=\"dea5256\" data-element_type=\"widget\" data-widget_type=\"heading.default\">\n\t\t\t\t<div class=\"elementor-widget-container\">\n\t\t\t\t\t<h2 class=\"elementor-heading-title elementor-size-default\">Configura\u00e7\u00e3o inicial do sistema<\/h2>\t\t\t\t<\/div>\n\t\t\t\t<\/div>\n\t\t\t\t<div class=\"elementor-element elementor-element-7a9956c elementor-widget elementor-widget-jet-listing-grid\" data-id=\"7a9956c\" data-element_type=\"widget\" data-settings=\"{&quot;columns&quot;:3,&quot;columns_mobile&quot;:&quot;1&quot;}\" data-widget_type=\"jet-listing-grid.default\">\n\t\t\t\t<div class=\"elementor-widget-container\">\n\t\t\t\t\t<div class=\"jet-listing-grid jet-listing\"><div class=\"jet-listing-grid__items grid-col-desk-3 grid-col-tablet-3 grid-col-mobile-1 jet-listing-grid--1602\" data-queried-id=\"459|WP_Post\" data-nav=\"{&quot;enabled&quot;:false,&quot;type&quot;:null,&quot;more_el&quot;:null,&quot;query&quot;:[],&quot;widget_settings&quot;:{&quot;lisitng_id&quot;:1602,&quot;posts_num&quot;:54,&quot;columns&quot;:3,&quot;columns_tablet&quot;:3,&quot;columns_mobile&quot;:1,&quot;column_min_width&quot;:240,&quot;column_min_width_tablet&quot;:240,&quot;column_min_width_mobile&quot;:240,&quot;inline_columns_css&quot;:false,&quot;is_archive_template&quot;:&quot;&quot;,&quot;post_status&quot;:[&quot;publish&quot;],&quot;use_random_posts_num&quot;:&quot;&quot;,&quot;max_posts_num&quot;:9,&quot;not_found_message&quot;:&quot;No data was found&quot;,&quot;is_masonry&quot;:false,&quot;equal_columns_height&quot;:&quot;&quot;,&quot;use_load_more&quot;:&quot;&quot;,&quot;load_more_id&quot;:&quot;&quot;,&quot;load_more_type&quot;:&quot;click&quot;,&quot;load_more_offset&quot;:{&quot;unit&quot;:&quot;px&quot;,&quot;size&quot;:0,&quot;sizes&quot;:[]},&quot;use_custom_post_types&quot;:&quot;&quot;,&quot;custom_post_types&quot;:[],&quot;hide_widget_if&quot;:&quot;&quot;,&quot;carousel_enabled&quot;:&quot;&quot;,&quot;slides_to_scroll&quot;:&quot;1&quot;,&quot;arrows&quot;:&quot;true&quot;,&quot;arrow_icon&quot;:&quot;fa fa-angle-left&quot;,&quot;dots&quot;:&quot;&quot;,&quot;autoplay&quot;:&quot;true&quot;,&quot;pause_on_hover&quot;:&quot;true&quot;,&quot;autoplay_speed&quot;:5000,&quot;infinite&quot;:&quot;true&quot;,&quot;center_mode&quot;:&quot;&quot;,&quot;effect&quot;:&quot;slide&quot;,&quot;speed&quot;:500,&quot;inject_alternative_items&quot;:&quot;&quot;,&quot;injection_items&quot;:[],&quot;scroll_slider_enabled&quot;:&quot;&quot;,&quot;scroll_slider_on&quot;:[&quot;desktop&quot;,&quot;tablet&quot;,&quot;mobile&quot;],&quot;custom_query&quot;:false,&quot;custom_query_id&quot;:&quot;&quot;,&quot;_element_id&quot;:&quot;&quot;,&quot;collapse_first_last_gap&quot;:false,&quot;list_items_wrapper_tag&quot;:&quot;div&quot;,&quot;list_item_tag&quot;:&quot;div&quot;,&quot;empty_items_wrapper_tag&quot;:&quot;div&quot;}}\" data-page=\"1\" data-pages=\"1\" data-listing-source=\"posts\" data-listing-id=\"1602\" data-query-id=\"\"><div class=\"jet-listing-grid__item jet-listing-dynamic-post-1609\" data-post-id=\"1609\" >\t\t<div data-elementor-type=\"jet-listing-items\" data-elementor-id=\"1602\" class=\"elementor elementor-1602\" data-elementor-post-type=\"jet-engine\">\n\t\t\t\t\t\t<section class=\"elementor-section elementor-top-section elementor-element elementor-element-ce17cc9 elementor-section-boxed elementor-section-height-default elementor-section-height-default\" data-id=\"ce17cc9\" data-element_type=\"section\">\n\t\t\t\t\t\t<div class=\"elementor-container elementor-column-gap-default\">\n\t\t\t\t\t<div class=\"elementor-column elementor-col-100 elementor-top-column elementor-element elementor-element-95ac2ac box\" data-id=\"95ac2ac\" data-element_type=\"column\" id=\"box\">\n\t\t\t<div class=\"elementor-widget-wrap elementor-element-populated\">\n\t\t\t\t\t\t<div class=\"elementor-element elementor-element-560125d elementor-widget elementor-widget-jet-listing-dynamic-field\" data-id=\"560125d\" data-element_type=\"widget\" data-widget_type=\"jet-listing-dynamic-field.default\">\n\t\t\t\t<div class=\"elementor-widget-container\">\n\t\t\t\t\t<div class=\"jet-listing jet-listing-dynamic-field display-inline\"><div class=\"jet-listing-dynamic-field__inline-wrap\"><span class=\"jet-listing-dynamic-field__content\">Parametriza\u00e7\u00e3o de contas \u00e1rea pre cadastradas<\/span><\/div><\/div>\t\t\t\t<\/div>\n\t\t\t\t<\/div>\n\t\t\t\t\t<\/div>\n\t\t<\/div>\n\t\t\t\t\t<\/div>\n\t\t<\/section>\n\t\t\t\t<\/div>\n\t\t<\/div><div class=\"jet-listing-grid__item jet-listing-dynamic-post-1608\" data-post-id=\"1608\" >\t\t<div data-elementor-type=\"jet-listing-items\" data-elementor-id=\"1602\" class=\"elementor elementor-1602\" data-elementor-post-type=\"jet-engine\">\n\t\t\t\t\t\t<section class=\"elementor-section elementor-top-section elementor-element elementor-element-ce17cc9 elementor-section-boxed elementor-section-height-default elementor-section-height-default\" data-id=\"ce17cc9\" data-element_type=\"section\">\n\t\t\t\t\t\t<div class=\"elementor-container elementor-column-gap-default\">\n\t\t\t\t\t<div class=\"elementor-column elementor-col-100 elementor-top-column elementor-element elementor-element-95ac2ac box\" data-id=\"95ac2ac\" data-element_type=\"column\" id=\"box\">\n\t\t\t<div class=\"elementor-widget-wrap elementor-element-populated\">\n\t\t\t\t\t\t<div class=\"elementor-element elementor-element-560125d elementor-widget elementor-widget-jet-listing-dynamic-field\" data-id=\"560125d\" data-element_type=\"widget\" data-widget_type=\"jet-listing-dynamic-field.default\">\n\t\t\t\t<div class=\"elementor-widget-container\">\n\t\t\t\t\t<div class=\"jet-listing jet-listing-dynamic-field display-inline\"><div class=\"jet-listing-dynamic-field__inline-wrap\"><span class=\"jet-listing-dynamic-field__content\">Configura\u00e7\u00e3o da DRE<\/span><\/div><\/div>\t\t\t\t<\/div>\n\t\t\t\t<\/div>\n\t\t\t\t\t<\/div>\n\t\t<\/div>\n\t\t\t\t\t<\/div>\n\t\t<\/section>\n\t\t\t\t<\/div>\n\t\t<\/div><div class=\"jet-listing-grid__item jet-listing-dynamic-post-1610\" data-post-id=\"1610\" >\t\t<div data-elementor-type=\"jet-listing-items\" data-elementor-id=\"1602\" class=\"elementor elementor-1602\" data-elementor-post-type=\"jet-engine\">\n\t\t\t\t\t\t<section class=\"elementor-section elementor-top-section elementor-element elementor-element-ce17cc9 elementor-section-boxed elementor-section-height-default elementor-section-height-default\" data-id=\"ce17cc9\" data-element_type=\"section\">\n\t\t\t\t\t\t<div class=\"elementor-container elementor-column-gap-default\">\n\t\t\t\t\t<div class=\"elementor-column elementor-col-100 elementor-top-column elementor-element elementor-element-95ac2ac box\" data-id=\"95ac2ac\" data-element_type=\"column\" id=\"box\">\n\t\t\t<div class=\"elementor-widget-wrap elementor-element-populated\">\n\t\t\t\t\t\t<div class=\"elementor-element elementor-element-560125d elementor-widget elementor-widget-jet-listing-dynamic-field\" data-id=\"560125d\" data-element_type=\"widget\" data-widget_type=\"jet-listing-dynamic-field.default\">\n\t\t\t\t<div class=\"elementor-widget-container\">\n\t\t\t\t\t<div class=\"jet-listing jet-listing-dynamic-field display-inline\"><div class=\"jet-listing-dynamic-field__inline-wrap\"><span class=\"jet-listing-dynamic-field__content\">Configura\u00e7\u00e3o da DRE por Centro de Custos<\/span><\/div><\/div>\t\t\t\t<\/div>\n\t\t\t\t<\/div>\n\t\t\t\t\t<\/div>\n\t\t<\/div>\n\t\t\t\t\t<\/div>\n\t\t<\/section>\n\t\t\t\t<\/div>\n\t\t<\/div><div class=\"jet-listing-grid__item jet-listing-dynamic-post-1611\" data-post-id=\"1611\" >\t\t<div data-elementor-type=\"jet-listing-items\" data-elementor-id=\"1602\" class=\"elementor elementor-1602\" data-elementor-post-type=\"jet-engine\">\n\t\t\t\t\t\t<section class=\"elementor-section elementor-top-section elementor-element elementor-element-ce17cc9 elementor-section-boxed elementor-section-height-default elementor-section-height-default\" data-id=\"ce17cc9\" data-element_type=\"section\">\n\t\t\t\t\t\t<div class=\"elementor-container elementor-column-gap-default\">\n\t\t\t\t\t<div class=\"elementor-column elementor-col-100 elementor-top-column elementor-element elementor-element-95ac2ac box\" data-id=\"95ac2ac\" data-element_type=\"column\" id=\"box\">\n\t\t\t<div class=\"elementor-widget-wrap elementor-element-populated\">\n\t\t\t\t\t\t<div class=\"elementor-element elementor-element-560125d elementor-widget elementor-widget-jet-listing-dynamic-field\" data-id=\"560125d\" data-element_type=\"widget\" data-widget_type=\"jet-listing-dynamic-field.default\">\n\t\t\t\t<div class=\"elementor-widget-container\">\n\t\t\t\t\t<div class=\"jet-listing jet-listing-dynamic-field display-inline\"><div class=\"jet-listing-dynamic-field__inline-wrap\"><span class=\"jet-listing-dynamic-field__content\">Configura\u00e7\u00e3o do Fluxo de Caixa<\/span><\/div><\/div>\t\t\t\t<\/div>\n\t\t\t\t<\/div>\n\t\t\t\t<div class=\"elementor-element elementor-element-98b2ba4 elementor-widget elementor-widget-jet-listing-dynamic-field\" data-id=\"98b2ba4\" data-element_type=\"widget\" data-widget_type=\"jet-listing-dynamic-field.default\">\n\t\t\t\t<div class=\"elementor-widget-container\">\n\t\t\t\t\t<div class=\"jet-listing jet-listing-dynamic-field display-inline\"><div class=\"jet-listing-dynamic-field__inline-wrap\"><div class=\"jet-listing-dynamic-field__content\"><ol><li><a href=\"https:\/\/cleverview.com.br\/central-ajuda\/post-config-inicial-siste\/teste\/\">Teste<\/a><\/li><\/ol><\/div><\/div><\/div>\t\t\t\t<\/div>\n\t\t\t\t<\/div>\n\t\t\t\t\t<\/div>\n\t\t<\/div>\n\t\t\t\t\t<\/div>\n\t\t<\/section>\n\t\t\t\t<\/div>\n\t\t<\/div><\/div><\/div>\t\t\t\t<\/div>\n\t\t\t\t<\/div>\n\t\t\t\t\t<\/div>\n\t\t<\/div>\n\t\t\t\t\t<\/div>\n\t\t<\/section>\n\t\t\t\t<section class=\"elementor-section elementor-top-section elementor-element elementor-element-e2713c9 elementor-section-full_width elementor-section-height-default elementor-section-height-default\" data-id=\"e2713c9\" data-element_type=\"section\">\n\t\t\t\t\t\t<div class=\"elementor-container elementor-column-gap-default\">\n\t\t\t\t\t<div class=\"elementor-column elementor-col-100 elementor-top-column elementor-element elementor-element-c0d301c\" data-id=\"c0d301c\" data-element_type=\"column\">\n\t\t\t<div class=\"elementor-widget-wrap elementor-element-populated\">\n\t\t\t\t\t\t<div class=\"elementor-element elementor-element-c3e443c elementor-widget elementor-widget-template\" data-id=\"c3e443c\" data-element_type=\"widget\" data-widget_type=\"template.default\">\n\t\t\t\t<div class=\"elementor-widget-container\">\n\t\t\t\t\t\t\t<div class=\"elementor-template\">\n\t\t\t\t\t<div data-elementor-type=\"section\" data-elementor-id=\"1685\" class=\"elementor elementor-1685\" data-elementor-post-type=\"elementor_library\">\n\t\t\t\t\t<section class=\"elementor-section elementor-top-section elementor-element elementor-element-d2becc6 elementor-section-boxed elementor-section-height-default elementor-section-height-default\" data-id=\"d2becc6\" data-element_type=\"section\">\n\t\t\t\t\t\t<div class=\"elementor-container elementor-column-gap-default\">\n\t\t\t\t\t<div class=\"elementor-column elementor-col-100 elementor-top-column elementor-element elementor-element-aa1a659\" data-id=\"aa1a659\" data-element_type=\"column\">\n\t\t\t<div class=\"elementor-widget-wrap elementor-element-populated\">\n\t\t\t\t\t\t<div class=\"elementor-element elementor-element-355cc5e elementor-align-left elementor-widget elementor-widget-button\" data-id=\"355cc5e\" data-element_type=\"widget\" data-widget_type=\"button.default\">\n\t\t\t\t<div class=\"elementor-widget-container\">\n\t\t\t\t\t\t\t\t\t<div class=\"elementor-button-wrapper\">\n\t\t\t\t\t<a class=\"elementor-button elementor-button-link elementor-size-sm\" href=\"https:\/\/cleverview.com.br\/central-ajuda\/tutorial\/\">\n\t\t\t\t\t\t<span class=\"elementor-button-content-wrapper\">\n\t\t\t\t\t\t\t\t\t<span class=\"elementor-button-text\">&lt;&lt; VOLTAR<\/span>\n\t\t\t\t\t<\/span>\n\t\t\t\t\t<\/a>\n\t\t\t\t<\/div>\n\t\t\t\t\t\t\t\t<\/div>\n\t\t\t\t<\/div>\n\t\t\t\t\t<\/div>\n\t\t<\/div>\n\t\t\t\t\t<\/div>\n\t\t<\/section>\n\t\t\t\t<\/div>\n\t\t\t\t<\/div>\n\t\t\t\t\t\t<\/div>\n\t\t\t\t<\/div>\n\t\t\t\t\t<\/div>\n\t\t<\/div>\n\t\t\t\t\t<\/div>\n\t\t<\/section>\n\t\t\t\t<section class=\"elementor-section elementor-top-section elementor-element elementor-element-1f17793 elementor-section-boxed elementor-section-height-default elementor-section-height-default\" data-id=\"1f17793\" data-element_type=\"section\">\n\t\t\t\t\t\t<div class=\"elementor-container elementor-column-gap-default\">\n\t\t\t\t\t<div class=\"elementor-column elementor-col-100 elementor-top-column elementor-element elementor-element-422c0dd\" data-id=\"422c0dd\" data-element_type=\"column\">\n\t\t\t<div class=\"elementor-widget-wrap\">\n\t\t\t\t\t\t\t<\/div>\n\t\t<\/div>\n\t\t\t\t\t<\/div>\n\t\t<\/section>\n\t\t\t\t<\/div>\n\t\t","protected":false},"excerpt":{"rendered":"<p>Categorias Configura\u00e7\u00f5es administrativas Configura\u00e7\u00f5es da empresa Visualiza\u00e7\u00e3o dos Resultados Configura\u00e7\u00f5es adicionais Configura\u00e7\u00e3o inicial do sistema Parametriza\u00e7\u00e3o de contas \u00e1rea pre cadastradas Parametriza\u00e7\u00e3o de contas \u00e1rea pre cadastradas Configura\u00e7\u00e3o da DRE Configura\u00e7\u00e3o da DRE Configura\u00e7\u00e3o da DRE por Centro de Custos Configura\u00e7\u00e3o da DRE por Centro de Custos Configura\u00e7\u00e3o do Fluxo de Caixa Configura\u00e7\u00e3o do Fluxo [&hellip;]<\/p>\n","protected":false},"author":1,"featured_media":0,"parent":199,"menu_order":0,"comment_status":"closed","ping_status":"closed","template":"elementor_header_footer","meta":{"footnotes":""},"class_list":["post-459","page","type-page","status-publish","hentry"],"yoast_head":"<!-- This site is optimized with the Yoast SEO plugin v27.2 - https:\/\/yoast.com\/product\/yoast-seo-wordpress\/ -->\n<title>Visualiza\u00e7\u00e3o dos Resultados - Centra Ajuda<\/title>\n<meta name=\"robots\" content=\"noindex, follow, max-snippet:-1, max-image-preview:large, max-video-preview:-1\" \/>\n<meta property=\"og:locale\" content=\"pt_BR\" \/>\n<meta property=\"og:type\" content=\"article\" \/>\n<meta property=\"og:title\" content=\"Visualiza\u00e7\u00e3o dos Resultados - Centra Ajuda\" \/>\n<meta property=\"og:description\" content=\"Categorias Configura\u00e7\u00f5es administrativas Configura\u00e7\u00f5es da empresa Visualiza\u00e7\u00e3o dos Resultados Configura\u00e7\u00f5es adicionais Configura\u00e7\u00e3o inicial do sistema Parametriza\u00e7\u00e3o de contas \u00e1rea pre cadastradas Parametriza\u00e7\u00e3o de contas \u00e1rea pre cadastradas Configura\u00e7\u00e3o da DRE Configura\u00e7\u00e3o da DRE Configura\u00e7\u00e3o da DRE por Centro de Custos Configura\u00e7\u00e3o da DRE por Centro de Custos Configura\u00e7\u00e3o do Fluxo de Caixa Configura\u00e7\u00e3o do Fluxo [&hellip;]\" \/>\n<meta property=\"og:url\" content=\"https:\/\/cleverview.com.br\/central-ajuda\/config-inicial-do-sistema\/visualizacao-dos-resultados\/\" \/>\n<meta property=\"og:site_name\" content=\"Centra Ajuda\" \/>\n<meta property=\"article:modified_time\" content=\"2022-02-17T17:21:45+00:00\" \/>\n<meta name=\"twitter:card\" content=\"summary_large_image\" \/>\n<meta name=\"twitter:label1\" content=\"Est. tempo de leitura\" \/>\n\t<meta name=\"twitter:data1\" content=\"4 minutos\" \/>\n<script type=\"application\/ld+json\" class=\"yoast-schema-graph\">{\"@context\":\"https:\/\/schema.org\",\"@graph\":[{\"@type\":\"WebPage\",\"@id\":\"https:\/\/cleverview.com.br\/central-ajuda\/config-inicial-do-sistema\/visualizacao-dos-resultados\/\",\"url\":\"https:\/\/cleverview.com.br\/central-ajuda\/config-inicial-do-sistema\/visualizacao-dos-resultados\/\",\"name\":\"Visualiza\u00e7\u00e3o dos Resultados - Centra Ajuda\",\"isPartOf\":{\"@id\":\"https:\/\/cleverview.com.br\/central-ajuda\/#website\"},\"datePublished\":\"2021-07-16T17:37:43+00:00\",\"dateModified\":\"2022-02-17T17:21:45+00:00\",\"breadcrumb\":{\"@id\":\"https:\/\/cleverview.com.br\/central-ajuda\/config-inicial-do-sistema\/visualizacao-dos-resultados\/#breadcrumb\"},\"inLanguage\":\"pt-BR\",\"potentialAction\":[{\"@type\":\"ReadAction\",\"target\":[\"https:\/\/cleverview.com.br\/central-ajuda\/config-inicial-do-sistema\/visualizacao-dos-resultados\/\"]}]},{\"@type\":\"BreadcrumbList\",\"@id\":\"https:\/\/cleverview.com.br\/central-ajuda\/config-inicial-do-sistema\/visualizacao-dos-resultados\/#breadcrumb\",\"itemListElement\":[{\"@type\":\"ListItem\",\"position\":1,\"name\":\"In\u00edcio\",\"item\":\"https:\/\/cleverview.com.br\/central-ajuda\/\"},{\"@type\":\"ListItem\",\"position\":2,\"name\":\"Configura\u00e7\u00e3o inicial do sistema\",\"item\":\"https:\/\/cleverview.com.br\/central-ajuda\/config-inicial-do-sistema\/\"},{\"@type\":\"ListItem\",\"position\":3,\"name\":\"Visualiza\u00e7\u00e3o dos Resultados\"}]},{\"@type\":\"WebSite\",\"@id\":\"https:\/\/cleverview.com.br\/central-ajuda\/#website\",\"url\":\"https:\/\/cleverview.com.br\/central-ajuda\/\",\"name\":\"Centra Ajuda\",\"description\":\"S\u00f3 mais um site WordPress\",\"potentialAction\":[{\"@type\":\"SearchAction\",\"target\":{\"@type\":\"EntryPoint\",\"urlTemplate\":\"https:\/\/cleverview.com.br\/central-ajuda\/?s={search_term_string}\"},\"query-input\":{\"@type\":\"PropertyValueSpecification\",\"valueRequired\":true,\"valueName\":\"search_term_string\"}}],\"inLanguage\":\"pt-BR\"}]}<\/script>\n<!-- \/ Yoast SEO plugin. -->","yoast_head_json":{"title":"Visualiza\u00e7\u00e3o dos Resultados - Centra Ajuda","robots":{"index":"noindex","follow":"follow","max-snippet":"max-snippet:-1","max-image-preview":"max-image-preview:large","max-video-preview":"max-video-preview:-1"},"og_locale":"pt_BR","og_type":"article","og_title":"Visualiza\u00e7\u00e3o dos Resultados - Centra Ajuda","og_description":"Categorias Configura\u00e7\u00f5es administrativas Configura\u00e7\u00f5es da empresa Visualiza\u00e7\u00e3o dos Resultados Configura\u00e7\u00f5es adicionais Configura\u00e7\u00e3o inicial do sistema Parametriza\u00e7\u00e3o de contas \u00e1rea pre cadastradas Parametriza\u00e7\u00e3o de contas \u00e1rea pre cadastradas Configura\u00e7\u00e3o da DRE Configura\u00e7\u00e3o da DRE Configura\u00e7\u00e3o da DRE por Centro de Custos Configura\u00e7\u00e3o da DRE por Centro de Custos Configura\u00e7\u00e3o do Fluxo de Caixa Configura\u00e7\u00e3o do Fluxo [&hellip;]","og_url":"https:\/\/cleverview.com.br\/central-ajuda\/config-inicial-do-sistema\/visualizacao-dos-resultados\/","og_site_name":"Centra Ajuda","article_modified_time":"2022-02-17T17:21:45+00:00","twitter_card":"summary_large_image","twitter_misc":{"Est. tempo de leitura":"4 minutos"},"schema":{"@context":"https:\/\/schema.org","@graph":[{"@type":"WebPage","@id":"https:\/\/cleverview.com.br\/central-ajuda\/config-inicial-do-sistema\/visualizacao-dos-resultados\/","url":"https:\/\/cleverview.com.br\/central-ajuda\/config-inicial-do-sistema\/visualizacao-dos-resultados\/","name":"Visualiza\u00e7\u00e3o dos Resultados - Centra Ajuda","isPartOf":{"@id":"https:\/\/cleverview.com.br\/central-ajuda\/#website"},"datePublished":"2021-07-16T17:37:43+00:00","dateModified":"2022-02-17T17:21:45+00:00","breadcrumb":{"@id":"https:\/\/cleverview.com.br\/central-ajuda\/config-inicial-do-sistema\/visualizacao-dos-resultados\/#breadcrumb"},"inLanguage":"pt-BR","potentialAction":[{"@type":"ReadAction","target":["https:\/\/cleverview.com.br\/central-ajuda\/config-inicial-do-sistema\/visualizacao-dos-resultados\/"]}]},{"@type":"BreadcrumbList","@id":"https:\/\/cleverview.com.br\/central-ajuda\/config-inicial-do-sistema\/visualizacao-dos-resultados\/#breadcrumb","itemListElement":[{"@type":"ListItem","position":1,"name":"In\u00edcio","item":"https:\/\/cleverview.com.br\/central-ajuda\/"},{"@type":"ListItem","position":2,"name":"Configura\u00e7\u00e3o inicial do sistema","item":"https:\/\/cleverview.com.br\/central-ajuda\/config-inicial-do-sistema\/"},{"@type":"ListItem","position":3,"name":"Visualiza\u00e7\u00e3o dos Resultados"}]},{"@type":"WebSite","@id":"https:\/\/cleverview.com.br\/central-ajuda\/#website","url":"https:\/\/cleverview.com.br\/central-ajuda\/","name":"Centra Ajuda","description":"S\u00f3 mais um site WordPress","potentialAction":[{"@type":"SearchAction","target":{"@type":"EntryPoint","urlTemplate":"https:\/\/cleverview.com.br\/central-ajuda\/?s={search_term_string}"},"query-input":{"@type":"PropertyValueSpecification","valueRequired":true,"valueName":"search_term_string"}}],"inLanguage":"pt-BR"}]}},"_links":{"self":[{"href":"https:\/\/cleverview.com.br\/central-ajuda\/wp-json\/wp\/v2\/pages\/459","targetHints":{"allow":["GET"]}}],"collection":[{"href":"https:\/\/cleverview.com.br\/central-ajuda\/wp-json\/wp\/v2\/pages"}],"about":[{"href":"https:\/\/cleverview.com.br\/central-ajuda\/wp-json\/wp\/v2\/types\/page"}],"author":[{"embeddable":true,"href":"https:\/\/cleverview.com.br\/central-ajuda\/wp-json\/wp\/v2\/users\/1"}],"replies":[{"embeddable":true,"href":"https:\/\/cleverview.com.br\/central-ajuda\/wp-json\/wp\/v2\/comments?post=459"}],"version-history":[{"count":32,"href":"https:\/\/cleverview.com.br\/central-ajuda\/wp-json\/wp\/v2\/pages\/459\/revisions"}],"predecessor-version":[{"id":1975,"href":"https:\/\/cleverview.com.br\/central-ajuda\/wp-json\/wp\/v2\/pages\/459\/revisions\/1975"}],"up":[{"embeddable":true,"href":"https:\/\/cleverview.com.br\/central-ajuda\/wp-json\/wp\/v2\/pages\/199"}],"wp:attachment":[{"href":"https:\/\/cleverview.com.br\/central-ajuda\/wp-json\/wp\/v2\/media?parent=459"}],"curies":[{"name":"wp","href":"https:\/\/api.w.org\/{rel}","templated":true}]}}