{"id":556,"date":"2021-07-16T15:21:19","date_gmt":"2021-07-16T18:21:19","guid":{"rendered":"https:\/\/cleverview.com.br\/central-ajuda\/?page_id=556"},"modified":"2022-02-17T15:21:27","modified_gmt":"2022-02-17T18:21:27","slug":"outras-parametrizacoes","status":"publish","type":"page","link":"https:\/\/cleverview.com.br\/central-ajuda\/parametrizacao-sistema\/outras-parametrizacoes\/","title":{"rendered":"Outras Parametriza\u00e7\u00f5es"},"content":{"rendered":"\t\t<div data-elementor-type=\"wp-page\" data-elementor-id=\"556\" class=\"elementor elementor-556\" data-elementor-post-type=\"page\">\n\t\t\t\t\t\t<section class=\"elementor-section elementor-top-section elementor-element elementor-element-1d70a33 elementor-section-boxed elementor-section-height-default elementor-section-height-default\" data-id=\"1d70a33\" data-element_type=\"section\">\n\t\t\t\t\t\t<div class=\"elementor-container elementor-column-gap-default\">\n\t\t\t\t\t<div class=\"elementor-column elementor-col-50 elementor-top-column elementor-element elementor-element-f7899b2\" data-id=\"f7899b2\" data-element_type=\"column\">\n\t\t\t<div class=\"elementor-widget-wrap elementor-element-populated\">\n\t\t\t\t\t\t<section class=\"elementor-section elementor-inner-section elementor-element elementor-element-803d46d elementor-section-boxed elementor-section-height-default elementor-section-height-default\" data-id=\"803d46d\" data-element_type=\"section\">\n\t\t\t\t\t\t<div class=\"elementor-container elementor-column-gap-default\">\n\t\t\t\t\t<div class=\"elementor-column elementor-col-100 elementor-inner-column elementor-element elementor-element-6c3bb23\" data-id=\"6c3bb23\" data-element_type=\"column\">\n\t\t\t<div class=\"elementor-widget-wrap elementor-element-populated\">\n\t\t\t\t\t\t<div class=\"elementor-element elementor-element-33bc95b elementor-widget elementor-widget-heading\" data-id=\"33bc95b\" data-element_type=\"widget\" data-widget_type=\"heading.default\">\n\t\t\t\t<div class=\"elementor-widget-container\">\n\t\t\t\t\t<h2 class=\"elementor-heading-title elementor-size-default\">Categorias<\/h2>\t\t\t\t<\/div>\n\t\t\t\t<\/div>\n\t\t\t\t<div class=\"elementor-element elementor-element-931a85f jet-nav-align-flex-start elementor-widget elementor-widget-jet-nav-menu\" data-id=\"931a85f\" data-element_type=\"widget\" data-widget_type=\"jet-nav-menu.default\">\n\t\t\t\t<div class=\"elementor-widget-container\">\n\t\t\t\t\t<nav class=\"jet-nav-wrap m-layout-mobile\"><div class=\"menu-cat-parametrizacao-do-sistema-container\"><div class=\"jet-nav m-layout-mobile jet-nav--horizontal\"><div class=\"menu-item menu-item-type-custom menu-item-object-custom jet-nav__item-1989 jet-nav__item\"><a href=\"\/central-ajuda\/parametrizacao-sistema\/\" class=\"menu-item-link menu-item-link-depth-0 menu-item-link-top\"><span class=\"jet-nav-link-text\">Bibioteca de F\u00f3rmulas<\/span><\/a><\/div>\n<div class=\"menu-item menu-item-type-custom menu-item-object-custom jet-nav__item-1990 jet-nav__item\"><a href=\"\/central-ajuda\/parametrizacao-sistema\/outras-parametrizacoes\/\" class=\"menu-item-link menu-item-link-depth-0 menu-item-link-top\"><span class=\"jet-nav-link-text\">Outras Parametriza\u00e7\u00f5es<\/span><\/a><\/div>\n<\/div><\/div><\/nav>\t\t\t\t<\/div>\n\t\t\t\t<\/div>\n\t\t\t\t\t<\/div>\n\t\t<\/div>\n\t\t\t\t\t<\/div>\n\t\t<\/section>\n\t\t\t\t\t<\/div>\n\t\t<\/div>\n\t\t\t\t<div class=\"elementor-column elementor-col-50 elementor-top-column elementor-element elementor-element-772c387\" data-id=\"772c387\" data-element_type=\"column\">\n\t\t\t<div class=\"elementor-widget-wrap elementor-element-populated\">\n\t\t\t\t\t\t<div class=\"elementor-element elementor-element-e91985c elementor-widget elementor-widget-heading\" data-id=\"e91985c\" data-element_type=\"widget\" data-widget_type=\"heading.default\">\n\t\t\t\t<div class=\"elementor-widget-container\">\n\t\t\t\t\t<h2 class=\"elementor-heading-title elementor-size-default\">Parametriza\u00e7\u00e3o do sistema<\/h2>\t\t\t\t<\/div>\n\t\t\t\t<\/div>\n\t\t\t\t<div class=\"elementor-element elementor-element-2e3bd56 elementor-widget elementor-widget-jet-listing-grid\" data-id=\"2e3bd56\" data-element_type=\"widget\" data-settings=\"{&quot;columns&quot;:3,&quot;columns_mobile&quot;:&quot;1&quot;}\" data-widget_type=\"jet-listing-grid.default\">\n\t\t\t\t<div class=\"elementor-widget-container\">\n\t\t\t\t\t<div class=\"jet-listing-grid jet-listing\"><div class=\"jet-listing-not-found jet-listing-grid__items\" data-nav=\"{&quot;enabled&quot;:false,&quot;type&quot;:null,&quot;more_el&quot;:null,&quot;query&quot;:[],&quot;widget_settings&quot;:{&quot;lisitng_id&quot;:1666,&quot;posts_num&quot;:54,&quot;columns&quot;:3,&quot;columns_tablet&quot;:3,&quot;columns_mobile&quot;:1,&quot;column_min_width&quot;:240,&quot;column_min_width_tablet&quot;:240,&quot;column_min_width_mobile&quot;:240,&quot;inline_columns_css&quot;:false,&quot;is_archive_template&quot;:&quot;&quot;,&quot;post_status&quot;:[&quot;publish&quot;],&quot;use_random_posts_num&quot;:&quot;&quot;,&quot;max_posts_num&quot;:9,&quot;not_found_message&quot;:&quot;No data was found&quot;,&quot;is_masonry&quot;:false,&quot;equal_columns_height&quot;:&quot;&quot;,&quot;use_load_more&quot;:&quot;&quot;,&quot;load_more_id&quot;:&quot;&quot;,&quot;load_more_type&quot;:&quot;click&quot;,&quot;load_more_offset&quot;:{&quot;unit&quot;:&quot;px&quot;,&quot;size&quot;:0,&quot;sizes&quot;:[]},&quot;use_custom_post_types&quot;:&quot;&quot;,&quot;custom_post_types&quot;:[],&quot;hide_widget_if&quot;:&quot;&quot;,&quot;carousel_enabled&quot;:&quot;&quot;,&quot;slides_to_scroll&quot;:&quot;1&quot;,&quot;arrows&quot;:&quot;true&quot;,&quot;arrow_icon&quot;:&quot;fa fa-angle-left&quot;,&quot;dots&quot;:&quot;&quot;,&quot;autoplay&quot;:&quot;true&quot;,&quot;pause_on_hover&quot;:&quot;true&quot;,&quot;autoplay_speed&quot;:5000,&quot;infinite&quot;:&quot;true&quot;,&quot;center_mode&quot;:&quot;&quot;,&quot;effect&quot;:&quot;slide&quot;,&quot;speed&quot;:500,&quot;inject_alternative_items&quot;:&quot;&quot;,&quot;injection_items&quot;:[],&quot;scroll_slider_enabled&quot;:&quot;&quot;,&quot;scroll_slider_on&quot;:[&quot;desktop&quot;,&quot;tablet&quot;,&quot;mobile&quot;],&quot;custom_query&quot;:false,&quot;custom_query_id&quot;:&quot;&quot;,&quot;_element_id&quot;:&quot;&quot;,&quot;collapse_first_last_gap&quot;:false,&quot;list_items_wrapper_tag&quot;:&quot;div&quot;,&quot;list_item_tag&quot;:&quot;div&quot;,&quot;empty_items_wrapper_tag&quot;:&quot;div&quot;}}\" data-listing-source=\"posts\" data-listing-id=\"1666\" data-query-id=\"\" data-queried-id=\"556|WP_Post\">No data was found<\/div><\/div>\t\t\t\t<\/div>\n\t\t\t\t<\/div>\n\t\t\t\t\t<\/div>\n\t\t<\/div>\n\t\t\t\t\t<\/div>\n\t\t<\/section>\n\t\t\t\t<section class=\"elementor-section elementor-top-section elementor-element elementor-element-514eb8f elementor-section-full_width elementor-section-height-default elementor-section-height-default\" data-id=\"514eb8f\" data-element_type=\"section\">\n\t\t\t\t\t\t<div class=\"elementor-container elementor-column-gap-default\">\n\t\t\t\t\t<div class=\"elementor-column elementor-col-100 elementor-top-column elementor-element elementor-element-dd5b265\" data-id=\"dd5b265\" data-element_type=\"column\">\n\t\t\t<div class=\"elementor-widget-wrap elementor-element-populated\">\n\t\t\t\t\t\t<div class=\"elementor-element elementor-element-9e09862 elementor-widget elementor-widget-template\" data-id=\"9e09862\" data-element_type=\"widget\" data-widget_type=\"template.default\">\n\t\t\t\t<div class=\"elementor-widget-container\">\n\t\t\t\t\t\t\t<div class=\"elementor-template\">\n\t\t\t\t\t<div data-elementor-type=\"section\" data-elementor-id=\"1685\" class=\"elementor elementor-1685\" data-elementor-post-type=\"elementor_library\">\n\t\t\t\t\t<section class=\"elementor-section elementor-top-section elementor-element elementor-element-d2becc6 elementor-section-boxed elementor-section-height-default elementor-section-height-default\" data-id=\"d2becc6\" data-element_type=\"section\">\n\t\t\t\t\t\t<div class=\"elementor-container elementor-column-gap-default\">\n\t\t\t\t\t<div class=\"elementor-column elementor-col-100 elementor-top-column elementor-element elementor-element-aa1a659\" data-id=\"aa1a659\" data-element_type=\"column\">\n\t\t\t<div class=\"elementor-widget-wrap elementor-element-populated\">\n\t\t\t\t\t\t<div class=\"elementor-element elementor-element-355cc5e elementor-align-left elementor-widget elementor-widget-button\" data-id=\"355cc5e\" data-element_type=\"widget\" data-widget_type=\"button.default\">\n\t\t\t\t<div class=\"elementor-widget-container\">\n\t\t\t\t\t\t\t\t\t<div class=\"elementor-button-wrapper\">\n\t\t\t\t\t<a class=\"elementor-button elementor-button-link elementor-size-sm\" href=\"https:\/\/cleverview.com.br\/central-ajuda\/tutorial\/\">\n\t\t\t\t\t\t<span class=\"elementor-button-content-wrapper\">\n\t\t\t\t\t\t\t\t\t<span class=\"elementor-button-text\">&lt;&lt; VOLTAR<\/span>\n\t\t\t\t\t<\/span>\n\t\t\t\t\t<\/a>\n\t\t\t\t<\/div>\n\t\t\t\t\t\t\t\t<\/div>\n\t\t\t\t<\/div>\n\t\t\t\t\t<\/div>\n\t\t<\/div>\n\t\t\t\t\t<\/div>\n\t\t<\/section>\n\t\t\t\t<\/div>\n\t\t\t\t<\/div>\n\t\t\t\t\t\t<\/div>\n\t\t\t\t<\/div>\n\t\t\t\t\t<\/div>\n\t\t<\/div>\n\t\t\t\t\t<\/div>\n\t\t<\/section>\n\t\t\t\t<\/div>\n\t\t","protected":false},"excerpt":{"rendered":"<p>Categorias Bibioteca de F\u00f3rmulas Outras Parametriza\u00e7\u00f5es Parametriza\u00e7\u00e3o do sistema Checagens Importantes Checagem de Uploads Cria\u00e7\u00e3o das F\u00f3rmulas de Checagem Checagem na DRE Checagem na DRE CC Checagem na vis\u00e3o Borboleta Checagem no Balan\u00e7o Checagem no Fluxo de Caixa Checagem dos Anexos Checagem das empresas matriz\/holding Or\u00e7amento Upload do or\u00e7amento Checagem do Or\u00e7amento Integra\u00e7\u00f5es API<\/p>\n","protected":false},"author":1,"featured_media":0,"parent":341,"menu_order":0,"comment_status":"closed","ping_status":"closed","template":"elementor_header_footer","meta":{"footnotes":""},"class_list":["post-556","page","type-page","status-publish","hentry"],"yoast_head":"<!-- This site is optimized with the Yoast SEO plugin v27.2 - https:\/\/yoast.com\/product\/yoast-seo-wordpress\/ -->\n<title>Outras Parametriza\u00e7\u00f5es - Centra Ajuda<\/title>\n<meta name=\"robots\" content=\"noindex, follow, max-snippet:-1, max-image-preview:large, max-video-preview:-1\" \/>\n<meta property=\"og:locale\" content=\"pt_BR\" \/>\n<meta property=\"og:type\" content=\"article\" \/>\n<meta property=\"og:title\" content=\"Outras Parametriza\u00e7\u00f5es - Centra Ajuda\" \/>\n<meta property=\"og:description\" content=\"Categorias Bibioteca de F\u00f3rmulas Outras Parametriza\u00e7\u00f5es Parametriza\u00e7\u00e3o do sistema Checagens Importantes Checagem de Uploads Cria\u00e7\u00e3o das F\u00f3rmulas de Checagem Checagem na DRE Checagem na DRE CC Checagem na vis\u00e3o Borboleta Checagem no Balan\u00e7o Checagem no Fluxo de Caixa Checagem dos Anexos Checagem das empresas matriz\/holding Or\u00e7amento Upload do or\u00e7amento Checagem do Or\u00e7amento Integra\u00e7\u00f5es API\" \/>\n<meta property=\"og:url\" content=\"https:\/\/cleverview.com.br\/central-ajuda\/parametrizacao-sistema\/outras-parametrizacoes\/\" \/>\n<meta property=\"og:site_name\" content=\"Centra Ajuda\" \/>\n<meta property=\"article:modified_time\" content=\"2022-02-17T18:21:27+00:00\" \/>\n<meta name=\"twitter:card\" content=\"summary_large_image\" \/>\n<meta name=\"twitter:label1\" content=\"Est. tempo de leitura\" \/>\n\t<meta name=\"twitter:data1\" content=\"3 minutos\" \/>\n<script type=\"application\/ld+json\" class=\"yoast-schema-graph\">{\"@context\":\"https:\/\/schema.org\",\"@graph\":[{\"@type\":\"WebPage\",\"@id\":\"https:\/\/cleverview.com.br\/central-ajuda\/parametrizacao-sistema\/outras-parametrizacoes\/\",\"url\":\"https:\/\/cleverview.com.br\/central-ajuda\/parametrizacao-sistema\/outras-parametrizacoes\/\",\"name\":\"Outras Parametriza\u00e7\u00f5es - Centra Ajuda\",\"isPartOf\":{\"@id\":\"https:\/\/cleverview.com.br\/central-ajuda\/#website\"},\"datePublished\":\"2021-07-16T18:21:19+00:00\",\"dateModified\":\"2022-02-17T18:21:27+00:00\",\"breadcrumb\":{\"@id\":\"https:\/\/cleverview.com.br\/central-ajuda\/parametrizacao-sistema\/outras-parametrizacoes\/#breadcrumb\"},\"inLanguage\":\"pt-BR\",\"potentialAction\":[{\"@type\":\"ReadAction\",\"target\":[\"https:\/\/cleverview.com.br\/central-ajuda\/parametrizacao-sistema\/outras-parametrizacoes\/\"]}]},{\"@type\":\"BreadcrumbList\",\"@id\":\"https:\/\/cleverview.com.br\/central-ajuda\/parametrizacao-sistema\/outras-parametrizacoes\/#breadcrumb\",\"itemListElement\":[{\"@type\":\"ListItem\",\"position\":1,\"name\":\"In\u00edcio\",\"item\":\"https:\/\/cleverview.com.br\/central-ajuda\/\"},{\"@type\":\"ListItem\",\"position\":2,\"name\":\"Parametriza\u00e7\u00e3o do sistema\",\"item\":\"https:\/\/cleverview.com.br\/central-ajuda\/parametrizacao-sistema\/\"},{\"@type\":\"ListItem\",\"position\":3,\"name\":\"Outras Parametriza\u00e7\u00f5es\"}]},{\"@type\":\"WebSite\",\"@id\":\"https:\/\/cleverview.com.br\/central-ajuda\/#website\",\"url\":\"https:\/\/cleverview.com.br\/central-ajuda\/\",\"name\":\"Centra Ajuda\",\"description\":\"S\u00f3 mais um site WordPress\",\"potentialAction\":[{\"@type\":\"SearchAction\",\"target\":{\"@type\":\"EntryPoint\",\"urlTemplate\":\"https:\/\/cleverview.com.br\/central-ajuda\/?s={search_term_string}\"},\"query-input\":{\"@type\":\"PropertyValueSpecification\",\"valueRequired\":true,\"valueName\":\"search_term_string\"}}],\"inLanguage\":\"pt-BR\"}]}<\/script>\n<!-- \/ Yoast SEO plugin. -->","yoast_head_json":{"title":"Outras Parametriza\u00e7\u00f5es - Centra Ajuda","robots":{"index":"noindex","follow":"follow","max-snippet":"max-snippet:-1","max-image-preview":"max-image-preview:large","max-video-preview":"max-video-preview:-1"},"og_locale":"pt_BR","og_type":"article","og_title":"Outras Parametriza\u00e7\u00f5es - Centra Ajuda","og_description":"Categorias Bibioteca de F\u00f3rmulas Outras Parametriza\u00e7\u00f5es Parametriza\u00e7\u00e3o do sistema Checagens Importantes Checagem de Uploads Cria\u00e7\u00e3o das F\u00f3rmulas de Checagem Checagem na DRE Checagem na DRE CC Checagem na vis\u00e3o Borboleta Checagem no Balan\u00e7o Checagem no Fluxo de Caixa Checagem dos Anexos Checagem das empresas matriz\/holding Or\u00e7amento Upload do or\u00e7amento Checagem do Or\u00e7amento Integra\u00e7\u00f5es API","og_url":"https:\/\/cleverview.com.br\/central-ajuda\/parametrizacao-sistema\/outras-parametrizacoes\/","og_site_name":"Centra Ajuda","article_modified_time":"2022-02-17T18:21:27+00:00","twitter_card":"summary_large_image","twitter_misc":{"Est. tempo de leitura":"3 minutos"},"schema":{"@context":"https:\/\/schema.org","@graph":[{"@type":"WebPage","@id":"https:\/\/cleverview.com.br\/central-ajuda\/parametrizacao-sistema\/outras-parametrizacoes\/","url":"https:\/\/cleverview.com.br\/central-ajuda\/parametrizacao-sistema\/outras-parametrizacoes\/","name":"Outras Parametriza\u00e7\u00f5es - Centra Ajuda","isPartOf":{"@id":"https:\/\/cleverview.com.br\/central-ajuda\/#website"},"datePublished":"2021-07-16T18:21:19+00:00","dateModified":"2022-02-17T18:21:27+00:00","breadcrumb":{"@id":"https:\/\/cleverview.com.br\/central-ajuda\/parametrizacao-sistema\/outras-parametrizacoes\/#breadcrumb"},"inLanguage":"pt-BR","potentialAction":[{"@type":"ReadAction","target":["https:\/\/cleverview.com.br\/central-ajuda\/parametrizacao-sistema\/outras-parametrizacoes\/"]}]},{"@type":"BreadcrumbList","@id":"https:\/\/cleverview.com.br\/central-ajuda\/parametrizacao-sistema\/outras-parametrizacoes\/#breadcrumb","itemListElement":[{"@type":"ListItem","position":1,"name":"In\u00edcio","item":"https:\/\/cleverview.com.br\/central-ajuda\/"},{"@type":"ListItem","position":2,"name":"Parametriza\u00e7\u00e3o do sistema","item":"https:\/\/cleverview.com.br\/central-ajuda\/parametrizacao-sistema\/"},{"@type":"ListItem","position":3,"name":"Outras Parametriza\u00e7\u00f5es"}]},{"@type":"WebSite","@id":"https:\/\/cleverview.com.br\/central-ajuda\/#website","url":"https:\/\/cleverview.com.br\/central-ajuda\/","name":"Centra Ajuda","description":"S\u00f3 mais um site WordPress","potentialAction":[{"@type":"SearchAction","target":{"@type":"EntryPoint","urlTemplate":"https:\/\/cleverview.com.br\/central-ajuda\/?s={search_term_string}"},"query-input":{"@type":"PropertyValueSpecification","valueRequired":true,"valueName":"search_term_string"}}],"inLanguage":"pt-BR"}]}},"_links":{"self":[{"href":"https:\/\/cleverview.com.br\/central-ajuda\/wp-json\/wp\/v2\/pages\/556","targetHints":{"allow":["GET"]}}],"collection":[{"href":"https:\/\/cleverview.com.br\/central-ajuda\/wp-json\/wp\/v2\/pages"}],"about":[{"href":"https:\/\/cleverview.com.br\/central-ajuda\/wp-json\/wp\/v2\/types\/page"}],"author":[{"embeddable":true,"href":"https:\/\/cleverview.com.br\/central-ajuda\/wp-json\/wp\/v2\/users\/1"}],"replies":[{"embeddable":true,"href":"https:\/\/cleverview.com.br\/central-ajuda\/wp-json\/wp\/v2\/comments?post=556"}],"version-history":[{"count":29,"href":"https:\/\/cleverview.com.br\/central-ajuda\/wp-json\/wp\/v2\/pages\/556\/revisions"}],"predecessor-version":[{"id":2013,"href":"https:\/\/cleverview.com.br\/central-ajuda\/wp-json\/wp\/v2\/pages\/556\/revisions\/2013"}],"up":[{"embeddable":true,"href":"https:\/\/cleverview.com.br\/central-ajuda\/wp-json\/wp\/v2\/pages\/341"}],"wp:attachment":[{"href":"https:\/\/cleverview.com.br\/central-ajuda\/wp-json\/wp\/v2\/media?parent=556"}],"curies":[{"name":"wp","href":"https:\/\/api.w.org\/{rel}","templated":true}]}}